{"id":616,"date":"2019-02-27T14:31:40","date_gmt":"2019-02-27T14:31:40","guid":{"rendered":"https:\/\/aazztech.com\/demos\/plugins\/directorist\/demo-one\/category\/"},"modified":"2023-06-08T18:29:29","modified_gmt":"2023-06-08T18:29:29","slug":"categoria","status":"publish","type":"page","link":"https:\/\/www.gourmetshow.mx\/negocios-247\/categoria\/","title":{"rendered":"Categor\u00eda"},"content":{"rendered":"<!-- directorist-shortcode:: [ directorist_category] -->\n<div class=\"directorist-archive-contents directorist-contents-wrap directorist-w-100 directorist-instant-search\"data-atts=\"{&quot;category&quot;:&quot;&quot;,&quot;shortcode&quot;:&quot;directorist_category&quot;,&quot;_current_page&quot;:&quot;listing&quot;}\">\n    <div class=\"directorist-archive-contents__top\">\n                    \n<div class=\"directorist-all-listing-btn\">\n    <div class=\"directorist-all-listing-btn__back\">\n        <a href=\"#\" class=\"directorist-btn__back\"><i class=\"directorist-icon-mask\" aria-hidden=\"true\" style=\"--directorist-icon: url(https:\/\/www.gourmetshow.mx\/negocios-247\/wp-content\/plugins\/directorist\/assets\/icons\/line-awesome\/svgs\/arrow-left-solid.svg)\"><\/i><\/a>\n    <\/div>\n\n    <div class=\"directorist-all-listing-btn__basic\">\n        <a href=\"#\" class=\"directorist-btn directorist-btn-light directorist-modal-btn directorist-modal-btn--basic\"><i class=\"directorist-icon-mask\" aria-hidden=\"true\" style=\"--directorist-icon: url(https:\/\/www.gourmetshow.mx\/negocios-247\/wp-content\/plugins\/directorist\/assets\/icons\/line-awesome\/svgs\/search-solid.svg)\"><\/i> Search<\/a>\n    <\/div>\n\n    <div class=\"directorist-all-listing-btn__advanced\">\n        <a href=\"#\" class=\"directorist-modal-btn directorist-modal-btn--advanced\"><i class=\"directorist-icon-mask\" aria-hidden=\"true\" style=\"--directorist-icon: url(https:\/\/www.gourmetshow.mx\/negocios-247\/wp-content\/plugins\/directorist\/assets\/icons\/font-awesome\/svgs\/solid\/sliders-h.svg)\"><\/i><\/a>\n    <\/div>\n<\/div>\n<div class=\"directorist-all-listing-modal\">\n    <form action=\"https:\/\/www.gourmetshow.mx\/negocios-247\/search-result\/\" class=\"directorist-search-form\" data-atts=\"null\">\n        <div class=\"directorist-search-modal directorist-search-modal--advanced\">\n            <div class=\"directorist-search-modal__overlay\"><\/div>\n            <div class=\"directorist-search-adv-filter directorist-advanced-filter directorist-search-modal__contents\">\n                <div class=\"directorist-search-modal__contents__header\">\n                    <h3 class=\"directorist-search-modal__contents__title\">More Filters<\/h3>\n                    <button class=\"directorist-search-modal__contents__btn directorist-search-modal__contents__btn--close\"><i class=\"directorist-icon-mask\" aria-hidden=\"true\" style=\"--directorist-icon: url(https:\/\/www.gourmetshow.mx\/negocios-247\/wp-content\/plugins\/directorist\/assets\/icons\/font-awesome\/svgs\/solid\/times.svg)\"><\/i><\/button>\n                    <span class=\"directorist-search-modal__minimizer\"><\/span>\n                <\/div>\n                <div class=\"directorist-search-modal__contents__body\">\n                                            <div class=\"directorist-advanced-filter__advanced__element directorist-search-field-tag\">\n                                                    <\/div>\n                                    <\/div>\n                <div class=\"directorist-search-modal__contents__footer\">\n                    \n<div class=\"directorist-advanced-filter__action directorist-flex directorist-align-center directorist-justify-content-between flex-wrap\">\n\n            <button type=\"submit\" class=\"directorist-btn directorist-btn-sm directorist-btn-submit\">Aplicar filtros<\/button>\n    \n    \n<\/div>                <\/div>\n            <\/div>\n        <\/div>\n        <div class=\"directorist-search-modal directorist-search-modal--basic\">\n            <div class=\"directorist-search-modal__overlay\"><\/div>\n            <div class=\"directorist-search-adv-filter directorist-advanced-filter directorist-search-modal__contents\">\n                <span class=\"directorist-search-modal__minimizer\"><\/span>\n                <div class=\"directorist-search-modal__contents__body\">\n                                            <div class=\"directorist-search-modal__input\">\n                            \n<div class=\"directorist-search-field directorist-form-group directorist-search-query \">\n\n            <label class=\"directorist-search-field__label\" for=\"\">\u00bfQu\u00e9 producto o servicio buscas?<\/label>\n    \n    <input class=\"directorist-form-element directorist-search-field__input\" id=\"\" type=\"text\" name=\"q\" value=\"\" placeholder=\"\u00bfQu\u00e9 producto o servicio buscas?\" >\n\n    <div class=\"directorist-search-field__btn directorist-search-field__btn--clear\">\n        <i class=\"directorist-icon-mask\" aria-hidden=\"true\" style=\"--directorist-icon: url(https:\/\/www.gourmetshow.mx\/negocios-247\/wp-content\/plugins\/directorist\/assets\/icons\/font-awesome\/svgs\/solid\/times-circle.svg)\"><\/i>    <\/div>\n\n<\/div>                        <\/div>\n                                            <div class=\"directorist-search-modal__input\">\n                            <div class=\"directorist-search-field directorist-form-group \">\n    <div class=\"directorist-select directorist-search-category directorist-search-field__input\">\n\n                    <label class=\"directorist-search-field__label\">Categor\u00eda<\/label>\n        \n        <select name=\"in_cat\" class=\"directory_field bdas-category-search directorist-category-select\" data-placeholder=\"Categor\u00eda\"  data-isSearch=\"true\" data-selected-id=\"\" data-selected-label=\"\">\n            <option value=\"\">Select Category<\/option><option data-icon=\"\" data-custom-field=\"\" value=\"83\">Accesorios y utensilios gourmet<\/option><option data-icon=\"https:\/\/www.gourmetshow.mx\/negocios-247\/wp-content\/plugins\/directorist\/assets\/icons\/line-awesome\/svgs\/american-sign-language-interpreting-solid.svg\" data-custom-field=\"\" value=\"84\">Aceites<\/option><option data-icon=\"https:\/\/www.gourmetshow.mx\/negocios-247\/wp-content\/plugins\/directorist\/assets\/icons\/line-awesome\/svgs\/american-sign-language-interpreting-solid.svg\" data-custom-field=\"\" value=\"85\">Carnes<\/option><option data-icon=\"https:\/\/www.gourmetshow.mx\/negocios-247\/wp-content\/plugins\/directorist\/assets\/icons\/line-awesome\/svgs\/american-sign-language-interpreting-solid.svg\" data-custom-field=\"\" value=\"86\">Charcuter\u00eda<\/option><option data-icon=\"\" data-custom-field=\"\" value=\"87\">Condimentos y especias<\/option><option data-icon=\"https:\/\/www.gourmetshow.mx\/negocios-247\/wp-content\/plugins\/directorist\/assets\/icons\/line-awesome\/svgs\/american-sign-language-interpreting-solid.svg\" data-custom-field=\"\" value=\"88\">Destilados<\/option><option data-icon=\"https:\/\/www.gourmetshow.mx\/negocios-247\/wp-content\/plugins\/directorist\/assets\/icons\/line-awesome\/svgs\/american-sign-language-interpreting-solid.svg\" data-custom-field=\"\" value=\"89\">Dulces<\/option><option data-icon=\"https:\/\/www.gourmetshow.mx\/negocios-247\/wp-content\/plugins\/directorist\/assets\/icons\/line-awesome\/svgs\/american-sign-language-interpreting-solid.svg\" data-custom-field=\"\" value=\"90\">Licores<\/option><option data-icon=\"\" data-custom-field=\"\" value=\"91\">Mermeladas y confituras<\/option><option data-icon=\"https:\/\/www.gourmetshow.mx\/negocios-247\/wp-content\/plugins\/directorist\/assets\/icons\/line-awesome\/svgs\/american-sign-language-interpreting-solid.svg\" data-custom-field=\"\" value=\"92\">Otros<\/option><option data-icon=\"https:\/\/www.gourmetshow.mx\/negocios-247\/wp-content\/plugins\/directorist\/assets\/icons\/line-awesome\/svgs\/american-sign-language-interpreting-solid.svg\" data-custom-field=\"\" value=\"93\">Pan Artesanal<\/option><option data-icon=\"https:\/\/www.gourmetshow.mx\/negocios-247\/wp-content\/plugins\/directorist\/assets\/icons\/line-awesome\/svgs\/american-sign-language-interpreting-solid.svg\" data-custom-field=\"\" value=\"101\">Productos org\u00e1nicos<\/option><option data-icon=\"https:\/\/www.gourmetshow.mx\/negocios-247\/wp-content\/plugins\/directorist\/assets\/icons\/line-awesome\/svgs\/american-sign-language-interpreting-solid.svg\" data-custom-field=\"\" value=\"94\">Quesos<\/option><option data-icon=\"https:\/\/www.gourmetshow.mx\/negocios-247\/wp-content\/plugins\/directorist\/assets\/icons\/line-awesome\/svgs\/american-sign-language-interpreting-solid.svg\" data-custom-field=\"\" value=\"95\">Recetarios<\/option><option data-icon=\"\" data-custom-field=\"\" value=\"96\">Salsas y aderezos<\/option><option data-icon=\"https:\/\/www.gourmetshow.mx\/negocios-247\/wp-content\/plugins\/directorist\/assets\/icons\/line-awesome\/svgs\/american-sign-language-interpreting-solid.svg\" data-custom-field=\"\" value=\"100\">T\u00e9 y tisanas<\/option><option data-icon=\"https:\/\/www.gourmetshow.mx\/negocios-247\/wp-content\/plugins\/directorist\/assets\/icons\/line-awesome\/svgs\/american-sign-language-interpreting-solid.svg\" data-custom-field=\"\" value=\"99\">Todas las categor\u00edas<\/option><option data-icon=\"https:\/\/www.gourmetshow.mx\/negocios-247\/wp-content\/plugins\/directorist\/assets\/icons\/line-awesome\/svgs\/american-sign-language-interpreting-solid.svg\" data-custom-field=\"\" value=\"97\">Vegano<\/option><option data-icon=\"https:\/\/www.gourmetshow.mx\/negocios-247\/wp-content\/plugins\/directorist\/assets\/icons\/line-awesome\/svgs\/american-sign-language-interpreting-solid.svg\" data-custom-field=\"\" value=\"98\">Vinos<\/option>        <\/select>\n\n    <\/div>\n    <div class=\"directorist-search-field__btn directorist-search-field__btn--clear\">\n        <i class=\"directorist-icon-mask\" aria-hidden=\"true\" style=\"--directorist-icon: url(https:\/\/www.gourmetshow.mx\/negocios-247\/wp-content\/plugins\/directorist\/assets\/icons\/font-awesome\/svgs\/solid\/times-circle.svg)\"><\/i> \n    <\/div>\n<\/div>                        <\/div>\n                                        <button type=\"submit\" class=\"directorist-btn directorist-btn-white directorist-search-form-action__modal__btn-search\"><i class=\"directorist-icon-mask\" aria-hidden=\"true\" style=\"--directorist-icon: url(https:\/\/www.gourmetshow.mx\/negocios-247\/wp-content\/plugins\/directorist\/assets\/icons\/line-awesome\/svgs\/search-solid.svg)\"><\/i> Search<\/button>\n                <\/div>\n            <\/div>\n        <\/div>\n    <\/form>\n<\/div>\n        \n        \n<div class=\"directorist-header-bar\">\n    <div class=\"directorist-container-fluid\">\n        <div class=\"directorist-listings-header\">\n\n            \n                <div class=\"directorist-listings-header__left\">\n\n                                            <button class=\"directorist-btn directorist-btn-sm directorist-filter-btn directorist-modal-btn directorist-modal-btn--full\" aria-label=\"Modal Button\"><i class=\"directorist-icon-mask\" aria-hidden=\"true\" style=\"--directorist-icon: url(https:\/\/www.gourmetshow.mx\/negocios-247\/wp-content\/plugins\/directorist\/assets\/icons\/line-awesome\/svgs\/filter-solid.svg)\"><\/i> Filtros<\/button>\n                    \n                    <span class='directorist-header-found-title'><span>0<\/span> Expositores<\/span>                <\/div>\n\n            \n            \n                <div class=\"directorist-listings-header__right\">\n                    \n<div class=\"directorist-viewas\">\n    <!-- Archive sidebar offcanvas toggle -->\n        \n        <a class=\"directorist-viewas__item directorist-viewas__item--grid active\" href=\"\/negocios-247\/wp-json\/wp\/v2\/pages\/616?view=grid\" aria-label=\"grid view\">\n                            <i class=\"directorist-icon-mask\" aria-hidden=\"true\" style=\"--directorist-icon: url(https:\/\/www.gourmetshow.mx\/negocios-247\/wp-content\/plugins\/directorist\/assets\/icons\/font-awesome\/svgs\/solid\/grip-horizontal.svg)\"><\/i>                    <\/a>\n    \n        <a class=\"directorist-viewas__item directorist-viewas__item--list \" href=\"\/negocios-247\/wp-json\/wp\/v2\/pages\/616?view=list\" aria-label=\"list view\">\n                            <i class=\"directorist-icon-mask\" aria-hidden=\"true\" style=\"--directorist-icon: url(https:\/\/www.gourmetshow.mx\/negocios-247\/wp-content\/plugins\/directorist\/assets\/icons\/font-awesome\/svgs\/solid\/list.svg)\"><\/i>                    <\/a>\n    <\/div>\n<div class=\"directorist-dropdown directorist-dropdown-js directorist-sortby-dropdown\">\n\n    <button class=\"directorist-dropdown__toggle directorist-dropdown__toggle-js directorist-btn directorist-btn-sm directorist-toggle-has-icon\">Ordenar por<span class=\"directorist-icon-caret\"><\/span><\/button>\n\n    <div class=\"directorist-dropdown__links directorist-dropdown__links-js directorist-dropdown__links__right\">\n\n        <form id=\"directorsit-listing-sort\" method=\"post\" action=\"#\">\n                            <a href=\"#\" class=\"directorist-dropdown__links__single directorist-dropdown__links__single-js \" data-link=\"\/negocios-247\/wp-json\/wp\/v2\/pages\/616?sort=title-asc\">A to Z (title)<\/a>\n                                <a href=\"#\" class=\"directorist-dropdown__links__single directorist-dropdown__links__single-js \" data-link=\"\/negocios-247\/wp-json\/wp\/v2\/pages\/616?sort=title-desc\">Z to A (title)<\/a>\n                                <a href=\"#\" class=\"directorist-dropdown__links__single directorist-dropdown__links__single-js \" data-link=\"\/negocios-247\/wp-json\/wp\/v2\/pages\/616?sort=date-desc\">Latest listings<\/a>\n                                <a href=\"#\" class=\"directorist-dropdown__links__single directorist-dropdown__links__single-js \" data-link=\"\/negocios-247\/wp-json\/wp\/v2\/pages\/616?sort=date-asc\">Oldest listings<\/a>\n                                <a href=\"#\" class=\"directorist-dropdown__links__single directorist-dropdown__links__single-js \" data-link=\"\/negocios-247\/wp-json\/wp\/v2\/pages\/616?sort=views-desc\">Popular listings<\/a>\n                        <\/form>\n\n    <\/div>\n\n<\/div>                <\/div>\n\n            \n        <\/div>\n    <\/div>\n<\/div>\n\n<div class=\"directorist-search-modal directorist-search-modal--full\">\n    <div class=\"directorist-search-modal__overlay\"><\/div>\n    <div class=\"directorist-search-modal__contents directorist-archive-adv-filter directorist-advanced-filter\">\n        <form action=\"https:\/\/www.gourmetshow.mx\/negocios-247\/search-result\/\" class=\"directorist-advanced-filter__form\">\n            <div class=\"directorist-search-modal__contents__header\">\n                <h3 class=\"directorist-search-modal__contents__title\">More Filters<\/h3>\n                <button class=\"directorist-search-modal__contents__btn directorist-search-modal__contents__btn--close\">\n                    <i class=\"directorist-icon-mask\" aria-hidden=\"true\" style=\"--directorist-icon: url(https:\/\/www.gourmetshow.mx\/negocios-247\/wp-content\/plugins\/directorist\/assets\/icons\/font-awesome\/svgs\/solid\/times.svg)\"><\/i>                <\/button>\n                <span class=\"directorist-search-modal__minimizer\"><\/span>\n            <\/div>\n\n            <div class=\"directorist-search-modal__contents__body\">\n                <input type=\"hidden\" name='directory_type' value='general'>\n                <div class=\"directorist-advanced-filter__basic\">\n                                            <div class=\"directorist-advanced-filter__basic__element\">\n<div class=\"directorist-search-field directorist-form-group directorist-search-query \">\n\n            <label class=\"directorist-search-field__label\" for=\"\">\u00bfQu\u00e9 producto o servicio buscas?<\/label>\n    \n    <input class=\"directorist-form-element directorist-search-field__input\" id=\"\" type=\"text\" name=\"q\" value=\"\" placeholder=\"\u00bfQu\u00e9 producto o servicio buscas?\" >\n\n    <div class=\"directorist-search-field__btn directorist-search-field__btn--clear\">\n        <i class=\"directorist-icon-mask\" aria-hidden=\"true\" style=\"--directorist-icon: url(https:\/\/www.gourmetshow.mx\/negocios-247\/wp-content\/plugins\/directorist\/assets\/icons\/font-awesome\/svgs\/solid\/times-circle.svg)\"><\/i>    <\/div>\n\n<\/div><\/div>\n                                            <div class=\"directorist-advanced-filter__basic__element\"><div class=\"directorist-search-field directorist-form-group \">\n    <div class=\"directorist-select directorist-search-category directorist-search-field__input\">\n\n                    <label class=\"directorist-search-field__label\">Categor\u00eda<\/label>\n        \n        <select name=\"in_cat\" class=\"directory_field bdas-category-search directorist-category-select\" data-placeholder=\"Categor\u00eda\"  data-isSearch=\"true\" data-selected-id=\"\" data-selected-label=\"\">\n            <option value=\"\">Select Category<\/option><option data-icon=\"\" data-custom-field=\"\" value=\"83\">Accesorios y utensilios gourmet<\/option><option data-icon=\"https:\/\/www.gourmetshow.mx\/negocios-247\/wp-content\/plugins\/directorist\/assets\/icons\/line-awesome\/svgs\/american-sign-language-interpreting-solid.svg\" data-custom-field=\"\" value=\"84\">Aceites<\/option><option data-icon=\"https:\/\/www.gourmetshow.mx\/negocios-247\/wp-content\/plugins\/directorist\/assets\/icons\/line-awesome\/svgs\/american-sign-language-interpreting-solid.svg\" data-custom-field=\"\" value=\"85\">Carnes<\/option><option data-icon=\"https:\/\/www.gourmetshow.mx\/negocios-247\/wp-content\/plugins\/directorist\/assets\/icons\/line-awesome\/svgs\/american-sign-language-interpreting-solid.svg\" data-custom-field=\"\" value=\"86\">Charcuter\u00eda<\/option><option data-icon=\"\" data-custom-field=\"\" value=\"87\">Condimentos y especias<\/option><option data-icon=\"https:\/\/www.gourmetshow.mx\/negocios-247\/wp-content\/plugins\/directorist\/assets\/icons\/line-awesome\/svgs\/american-sign-language-interpreting-solid.svg\" data-custom-field=\"\" value=\"88\">Destilados<\/option><option data-icon=\"https:\/\/www.gourmetshow.mx\/negocios-247\/wp-content\/plugins\/directorist\/assets\/icons\/line-awesome\/svgs\/american-sign-language-interpreting-solid.svg\" data-custom-field=\"\" value=\"89\">Dulces<\/option><option data-icon=\"https:\/\/www.gourmetshow.mx\/negocios-247\/wp-content\/plugins\/directorist\/assets\/icons\/line-awesome\/svgs\/american-sign-language-interpreting-solid.svg\" data-custom-field=\"\" value=\"90\">Licores<\/option><option data-icon=\"\" data-custom-field=\"\" value=\"91\">Mermeladas y confituras<\/option><option data-icon=\"https:\/\/www.gourmetshow.mx\/negocios-247\/wp-content\/plugins\/directorist\/assets\/icons\/line-awesome\/svgs\/american-sign-language-interpreting-solid.svg\" data-custom-field=\"\" value=\"92\">Otros<\/option><option data-icon=\"https:\/\/www.gourmetshow.mx\/negocios-247\/wp-content\/plugins\/directorist\/assets\/icons\/line-awesome\/svgs\/american-sign-language-interpreting-solid.svg\" data-custom-field=\"\" value=\"93\">Pan Artesanal<\/option><option data-icon=\"https:\/\/www.gourmetshow.mx\/negocios-247\/wp-content\/plugins\/directorist\/assets\/icons\/line-awesome\/svgs\/american-sign-language-interpreting-solid.svg\" data-custom-field=\"\" value=\"101\">Productos org\u00e1nicos<\/option><option data-icon=\"https:\/\/www.gourmetshow.mx\/negocios-247\/wp-content\/plugins\/directorist\/assets\/icons\/line-awesome\/svgs\/american-sign-language-interpreting-solid.svg\" data-custom-field=\"\" value=\"94\">Quesos<\/option><option data-icon=\"https:\/\/www.gourmetshow.mx\/negocios-247\/wp-content\/plugins\/directorist\/assets\/icons\/line-awesome\/svgs\/american-sign-language-interpreting-solid.svg\" data-custom-field=\"\" value=\"95\">Recetarios<\/option><option data-icon=\"\" data-custom-field=\"\" value=\"96\">Salsas y aderezos<\/option><option data-icon=\"https:\/\/www.gourmetshow.mx\/negocios-247\/wp-content\/plugins\/directorist\/assets\/icons\/line-awesome\/svgs\/american-sign-language-interpreting-solid.svg\" data-custom-field=\"\" value=\"100\">T\u00e9 y tisanas<\/option><option data-icon=\"https:\/\/www.gourmetshow.mx\/negocios-247\/wp-content\/plugins\/directorist\/assets\/icons\/line-awesome\/svgs\/american-sign-language-interpreting-solid.svg\" data-custom-field=\"\" value=\"99\">Todas las categor\u00edas<\/option><option data-icon=\"https:\/\/www.gourmetshow.mx\/negocios-247\/wp-content\/plugins\/directorist\/assets\/icons\/line-awesome\/svgs\/american-sign-language-interpreting-solid.svg\" data-custom-field=\"\" value=\"97\">Vegano<\/option><option data-icon=\"https:\/\/www.gourmetshow.mx\/negocios-247\/wp-content\/plugins\/directorist\/assets\/icons\/line-awesome\/svgs\/american-sign-language-interpreting-solid.svg\" data-custom-field=\"\" value=\"98\">Vinos<\/option>        <\/select>\n\n    <\/div>\n    <div class=\"directorist-search-field__btn directorist-search-field__btn--clear\">\n        <i class=\"directorist-icon-mask\" aria-hidden=\"true\" style=\"--directorist-icon: url(https:\/\/www.gourmetshow.mx\/negocios-247\/wp-content\/plugins\/directorist\/assets\/icons\/font-awesome\/svgs\/solid\/times-circle.svg)\"><\/i> \n    <\/div>\n<\/div><\/div>\n                                    <\/div>\n\n                <div class=\"directorist-advanced-filter__advanced\">\n                                            <div class=\"directorist-advanced-filter__advanced__element directorist-search-field-tag\"><\/div>\n                                    <\/div>\n            <\/div>\n\n            <div class=\"directorist-search-modal__contents__footer\">\n                \n<div class=\"directorist-advanced-filter__action directorist-flex directorist-align-center directorist-justify-content-between flex-wrap\">\n\n            <button type=\"submit\" class=\"directorist-btn directorist-btn-sm directorist-btn-submit\">Aplicar filtros<\/button>\n    \n    \n<\/div>            <\/div>\n        <\/form>\n    <\/div>\n<\/div>    <\/div>\n    <div class=\"directorist-archive-contents__listings\">\n        \n<div class=\"directorist-archive-items directorist-archive-grid-view \">\n    <div class=\"directorist-container-fluid\">\n\n        \n        \n            <div class=\"directorist-archive-notfound\">No listings found.<\/div>\n\n            <\/div>\n<\/div>    <\/div>\n\n<\/div>\n","protected":false},"excerpt":{"rendered":"Search More Filters Aplicar filtros \u00bfQu\u00e9 producto o servicio buscas? Categor\u00eda Select CategoryAccesorios y utensilios gourmetAceitesCarnesCharcuter\u00edaCondimentos y especiasDestiladosDulcesLicoresMermeladas y confiturasOtrosPan ArtesanalProductos org\u00e1nicosQuesosRecetariosSalsas y aderezosT\u00e9 y tisanasTodas las categor\u00edasVeganoVinos Search Filtros 0 Expositores Ordenar por A to Z (title) Z to A (title) Latest listings Oldest listings Popular listings More Filters \u00bfQu\u00e9 producto o servicio buscas?<br><a class=\"directory_read_more\" href=\"https:\/\/www.gourmetshow.mx\/negocios-247\/categoria\/\"> Read More<\/a>","protected":false},"author":1,"featured_media":0,"parent":0,"menu_order":0,"comment_status":"closed","ping_status":"closed","template":"templates\/full-width.php","meta":{"_monsterinsights_skip_tracking":false,"_monsterinsights_sitenote_active":false,"_monsterinsights_sitenote_note":"","_monsterinsights_sitenote_category":0,"footnotes":""},"class_list":["post-616","page","type-page","status-publish","hentry"],"_links":{"self":[{"href":"https:\/\/www.gourmetshow.mx\/negocios-247\/wp-json\/wp\/v2\/pages\/616","targetHints":{"allow":["GET"]}}],"collection":[{"href":"https:\/\/www.gourmetshow.mx\/negocios-247\/wp-json\/wp\/v2\/pages"}],"about":[{"href":"https:\/\/www.gourmetshow.mx\/negocios-247\/wp-json\/wp\/v2\/types\/page"}],"author":[{"embeddable":true,"href":"https:\/\/www.gourmetshow.mx\/negocios-247\/wp-json\/wp\/v2\/users\/1"}],"replies":[{"embeddable":true,"href":"https:\/\/www.gourmetshow.mx\/negocios-247\/wp-json\/wp\/v2\/comments?post=616"}],"version-history":[{"count":1,"href":"https:\/\/www.gourmetshow.mx\/negocios-247\/wp-json\/wp\/v2\/pages\/616\/revisions"}],"predecessor-version":[{"id":2288,"href":"https:\/\/www.gourmetshow.mx\/negocios-247\/wp-json\/wp\/v2\/pages\/616\/revisions\/2288"}],"wp:attachment":[{"href":"https:\/\/www.gourmetshow.mx\/negocios-247\/wp-json\/wp\/v2\/media?parent=616"}],"curies":[{"name":"wp","href":"https:\/\/api.w.org\/{rel}","templated":true}]}}